{"id":294,"date":"2025-10-26T08:28:12","date_gmt":"2025-10-26T06:28:12","guid":{"rendered":"https:\/\/rehabromania.com\/politica-de-confidentialitate\/"},"modified":"2025-11-24T09:57:26","modified_gmt":"2025-11-24T07:57:26","slug":"privacy-policy","status":"publish","type":"page","link":"https:\/\/rehabromania.com\/en\/privacy-policy\/","title":{"rendered":"Privacy policy"},"content":{"rendered":"<div class=\"wpb-content-wrapper\"><p>[vc_row][vc_column width=&#8221;1\/1&#8243;][vc_column_text uncode_shortcode_id=&#8221;470361&#8243;]<\/p>\n<h1>Politica de Confiden\u021bialitate<\/h1>\n<p><strong> Informa\u0163ii generale<\/strong><\/p>\n<p>Prin prezenta politic\u0103 de confiden\u0163ialitate, operatorul site\u2011ului <strong>rehabromania.com<\/strong> \u00ee\u015fi informeaz\u0103 utilizatorii cu privire la modul de colectare, utilizare, stocare \u015fi protejare a datelor cu caracter personal.<br \/>\nDatele vor fi prelucrate \u00een conformitate cu Regulamentul (UE)\u202f2016\/679 (GDPR) \u015fi legisla\u0163ia na\u0163ional\u0103 aplicabil\u0103 din Rom\u00e2nia.<\/p>\n<p><strong> Operatorul datelor<\/strong><\/p>\n<p>Datele sunt procesate de:<br \/>\nNume: <strong>SocialMed \/ RehabRom\u00e2nia<\/strong><br \/>\nSediu: Str.\u00a0POSADA, Nr.\u00a035, 540077, T\u00e2rgu Mure\u0219, Mure\u0219, Romania<\/p>\n<p>Telefon: +40\u202f745\u202f643\u202f182<br \/>\nE\u2011mail: <a href=\"mailto:contact@rehabromania.com\">contact@rehabromania.com<\/a><\/p>\n<p><strong> Datele pe care le colect\u0103m<\/strong><\/p>\n<p>Putem colecta urm\u0103toarele categorii de date cu caracter personal:<\/p>\n<ul>\n<li>Date de identificare: nume, prenume.<\/li>\n<li>Date de contact: adres\u0103 de e\u2011mail, num\u0103r de telefon, adres\u0103 fizic\u0103 (dac\u0103 este cazul).<\/li>\n<li>Date privind cererea ta: mesajul t\u0103u transmis prin formularul de contact, zone de interes (franciz\u0103), etc.<\/li>\n<li>Date tehnice: adresa IP, tipul de browser, date de navigare pe Site (cookie\u2011uri, pagini vizitate, timp de sesiune).<\/li>\n<li>Alte date voluntar furnizate la completarea formularelor.<\/li>\n<\/ul>\n<p><strong> Scopurile prelucr\u0103rii<\/strong><\/p>\n<p>Utiliz\u0103m datele \u00een urm\u0103toarele scopuri:<\/p>\n<ul>\n<li>S\u0103 \u00ee\u0163i r\u0103spundem la solicitare prin formularul de contact.<\/li>\n<li>S\u0103 te inform\u0103m cu privire la oferta de franciz\u0103 SocialMed.<\/li>\n<li>S\u0103 \u00ee\u0163i transmitem newsletter\u2011e, dac\u0103 te\u2011ai \u00eenscris (cu consim\u0163\u0103m\u00e2nt).<\/li>\n<li>S\u0103 \u00eembun\u0103t\u0103\u0163im Site\u2011ul, s\u0103 monitoriz\u0103m performan\u0163a \u015fi utilizarea acestuia.<\/li>\n<li>S\u0103 respect\u0103m obliga\u0163ii legale (contabilitate, securitate, protec\u0163ie date).<\/li>\n<\/ul>\n<p><strong> Baza legal\u0103 a prelucr\u0103rii<\/strong><\/p>\n<p>Prelucrarea se realizeaz\u0103 pe baza:<\/p>\n<ul>\n<li>consim\u0163\u0103m\u00e2ntului t\u0103u expres (ex: completarea formularului de contact),<\/li>\n<li>necesit\u0103\u0163ii pentru \u00eendeplinirea unui contract sau a m\u0103surilor precontractuale (ex: solicitarea de a deveni francizat),<\/li>\n<li>respect\u0103rii obliga\u0163iilor legale.<br \/>\n\u00cen situa\u0163ii speciale, putem avea \u0219i un interes legitim, cu condi\u0163ia s\u0103 nu fie afectate drepturile fundamentale ale utilizatorului.<\/li>\n<\/ul>\n<p><strong> Durata stoc\u0103rii datelor<\/strong><\/p>\n<p>Datele vor fi p\u0103strate pe durata necesar\u0103 scopului pentru care au fost colectate, dar nu mai mult dec\u00e2t permite legisla\u0163ia aplicabil\u0103 sau dec\u00e2t devine justificat\u0103 de un scop ulterior. Criteriile de stabilire a duratei includ: tipul datelor, scopul prelucr\u0103rii, dac\u0103 exist\u0103 obliga\u0163ie legal\u0103 de arhivare.<\/p>\n<p><strong> Destinatarii datelor<\/strong><\/p>\n<p>Datele pot fi comunicate urm\u0103toarelor categorii de destinatari:<\/p>\n<ul>\n<li>Angaja\u0163i sau colaboratori care sus\u0163in activitatea SocialMed\/RehabRom\u00e2nia.<\/li>\n<li>Furnizori de servicii externe (IT, marketing, CRM, hosting) cu care avem contracte de prelucrare date.<\/li>\n<li>Autorit\u0103\u0163i publice, dac\u0103 legea oblig\u0103.<\/li>\n<\/ul>\n<p><strong> Transferuri interna\u0163ionale<\/strong><\/p>\n<p>Dac\u0103 este cazul s\u0103 transfer\u0103m date c\u0103tre \u0163\u0103ri din afara SEE, vom asigura un nivel adecvat de protec\u0163ie (ex: clauze contractuale standard, decizie de adecvare etc.).<\/p>\n<p><strong> Drepturile tale<\/strong><\/p>\n<p>Ai urm\u0103toarele drepturi, \u00een condi\u0163iile prev\u0103zute de lege:<\/p>\n<ul>\n<li>Dreptul de acces la datele tale.<\/li>\n<li>Dreptul de rectificare\/des\u0103v\u00e2r\u015fire a datelor incomplete.<\/li>\n<li>Dreptul la \u015ftergere (\u201edreptul de a fi uitat\u201d), dac\u0103 nu exist\u0103 obliga\u0163ie legal\u0103 de p\u0103strare.<\/li>\n<li>Dreptul la restric\u0163ionarea prelucr\u0103rii.<\/li>\n<li>Dreptul la portabilitatea datelor.<\/li>\n<li>Dreptul de a te opune prelucr\u0103rii.<\/li>\n<li>Dreptul de a retrage consim\u0163\u0103m\u00e2ntul \u00een orice moment (aceasta nu afecteaz\u0103 legalitatea prelucr\u0103rii efectuate \u00eenainte de retragere).<\/li>\n<li>Dreptul de a depune o pl\u00e2ngere la autoritatea de supraveghere din Rom\u00e2nia: Autoritatea Na\u0163ional\u0103 de Supraveghere a Prelucr\u0103rii Datelor cu Caracter Personal (ANSPDCP).<\/li>\n<\/ul>\n<p><strong> Cookie\u2011uri \u015fi tehnologii similare<\/strong><\/p>\n<p>Utiliz\u0103m cookie\u2011uri \u015fi tehnologii similare pentru func\u0163ionarea site\u2011ului, analiza traficului, optimizarea experien\u0163ei utilizatorului \u015fi marketing. Po\u021bi afla mai multe \u00een sec\u0163iunea noastr\u0103 \u201ePolitica de cookies\u201d.<br \/>\nPo\u021bi refuza cookie\u2011urile neesen\u0163iale sau s\u0103 modifici set\u0103rile \u00een browser.<\/p>\n<p><strong> Securitate a datelor<\/strong><\/p>\n<p>Am implementat m\u0103suri tehnice \u015fi organizatorice adecvate pentru protec\u0163ia datelor acces restric\u0163ionat, criptare, backup regulat, politici interne de securitate de date \u015fi audituri periodice.<\/p>\n<p><strong> Modific\u0103ri ale politicii<\/strong><\/p>\n<p>Putem actualiza prezenta Politic\u0103 \u00een orice moment. C\u00e2nd o facem, vom afi\u015fa varianta revizuit\u0103 pe Site\u2011ul nostru, cu data ultimei modific\u0103ri. Te \u00eencuraj\u0103m s\u0103 verifici periodic aceast\u0103 pagin\u0103.<\/p>\n<p><strong> Informa\u0163ii de contact<\/strong><\/p>\n<p>Pentru orice \u00eentrebare, solicitare legat\u0103 de practicile noastre sau exercitarea drepturilor tale, te po\u0163i adresa la:<br \/>\nE\u2011mail: <a href=\"mailto:contact@rehabromania.com\">contact@rehabromania.com<\/a><\/p>\n<p>Telefon: +40 769\u00a0200\u00a0800<br \/>\nAdres\u0103: Str.\u00a0POSADA, Nr.\u00a035, 540077, T\u00e2rgu Mure\u0219, Mure\u0219, Romania<\/p>\n<p><strong>Data ultimei actualiz\u0103ri: 22.11.2025<\/strong>[\/vc_column_text][\/vc_column][\/vc_row]<\/p>\n<\/div>","protected":false},"excerpt":{"rendered":"<p>[vc_row][vc_column width=&#8221;1\/1&#8243;][vc_column_text uncode_shortcode_id=&#8221;470361&#8243;] Politica de Confiden\u021bialitate Informa\u0163ii generale Prin prezenta politic\u0103 de confiden\u0163ialitate, operatorul site\u2011ului rehabromania.com \u00ee\u015fi informeaz\u0103 utilizatorii cu [&hellip;]<\/p>\n","protected":false},"author":1,"featured_media":0,"parent":0,"menu_order":0,"comment_status":"closed","ping_status":"closed","template":"","meta":{"footnotes":""},"class_list":["post-294","page","type-page","status-publish","hentry"],"_links":{"self":[{"href":"https:\/\/rehabromania.com\/en\/wp-json\/wp\/v2\/pages\/294","targetHints":{"allow":["GET"]}}],"collection":[{"href":"https:\/\/rehabromania.com\/en\/wp-json\/wp\/v2\/pages"}],"about":[{"href":"https:\/\/rehabromania.com\/en\/wp-json\/wp\/v2\/types\/page"}],"author":[{"embeddable":true,"href":"https:\/\/rehabromania.com\/en\/wp-json\/wp\/v2\/users\/1"}],"replies":[{"embeddable":true,"href":"https:\/\/rehabromania.com\/en\/wp-json\/wp\/v2\/comments?post=294"}],"version-history":[{"count":3,"href":"https:\/\/rehabromania.com\/en\/wp-json\/wp\/v2\/pages\/294\/revisions"}],"predecessor-version":[{"id":306,"href":"https:\/\/rehabromania.com\/en\/wp-json\/wp\/v2\/pages\/294\/revisions\/306"}],"wp:attachment":[{"href":"https:\/\/rehabromania.com\/en\/wp-json\/wp\/v2\/media?parent=294"}],"curies":[{"name":"wp","href":"https:\/\/api.w.org\/{rel}","templated":true}]}}